{"id":3430,"date":"2020-09-29T09:23:52","date_gmt":"2020-09-29T09:23:52","guid":{"rendered":"https:\/\/viva.burja.git.sprd.digital\/our-properties\/"},"modified":"2022-01-03T13:10:04","modified_gmt":"2022-01-03T13:10:04","slug":"nase-nastanitve","status":"publish","type":"page","link":"http:\/\/viva.burja.git.sprd.digital\/sl\/nase-nastanitve\/","title":{"rendered":"Na\u0161e nastanitve"},"content":{"rendered":"","protected":false},"excerpt":{"rendered":"<p> [&#8230;]<\/p>\n<p><a class=\"btn btn-secondary understrap-read-more-link\" href=\"http:\/\/viva.burja.git.sprd.digital\/sl\/nase-nastanitve\/\">Preberi ve\u010d&#8230;<\/a><\/p>\n","protected":false},"author":1,"featured_media":3217,"parent":0,"menu_order":0,"comment_status":"closed","ping_status":"closed","template":"page-templates\/content-our-properties.php","meta":{"_acf_changed":false,"footnotes":""},"class_list":["post-3430","page","type-page","status-publish","has-post-thumbnail","hentry"],"acf":[],"yoast_head":"<!-- This site is optimized with the Yoast SEO plugin v27.1.1 - https:\/\/yoast.com\/product\/yoast-seo-wordpress\/ -->\n<title>Na\u0161e nastanitve | Viva Rooms | Burja Hotels Collection<\/title>\n<meta name=\"description\" content=\"Odkrijte na\u0161o kolekcijo izjemnih nastanitev na slovenskih top lokacijah in do\u017eivite na\u0161o zeleno de\u017eelo z Burja Hoteli.\" \/>\n<meta name=\"robots\" content=\"index, follow, max-snippet:-1, max-image-preview:large, max-video-preview:-1\" \/>\n<link rel=\"canonical\" href=\"http:\/\/viva.burja.git.sprd.digital\/sl\/nase-nastanitve\/\" \/>\n<meta property=\"og:locale\" content=\"sl_SI\" \/>\n<meta property=\"og:type\" content=\"article\" \/>\n<meta property=\"og:title\" content=\"Na\u0161e nastanitve | Viva Rooms | Burja Hotels Collection\" \/>\n<meta property=\"og:description\" content=\"Odkrijte na\u0161o kolekcijo izjemnih nastanitev na slovenskih top lokacijah in do\u017eivite na\u0161o zeleno de\u017eelo z Burja Hoteli.\" \/>\n<meta property=\"og:url\" content=\"http:\/\/viva.burja.git.sprd.digital\/sl\/nase-nastanitve\/\" \/>\n<meta property=\"og:site_name\" content=\"Viva Rooms\" \/>\n<meta property=\"article:modified_time\" content=\"2022-01-03T13:10:04+00:00\" \/>\n<meta property=\"og:image\" content=\"http:\/\/viva.burja.git.sprd.digital\/wp-content\/uploads\/sites\/7\/2021\/12\/WEB-ZOIS-HERO-PROPERTIES-desktop.jpg\" \/>\n\t<meta property=\"og:image:width\" content=\"2500\" \/>\n\t<meta property=\"og:image:height\" content=\"1355\" \/>\n\t<meta property=\"og:image:type\" content=\"image\/jpeg\" \/>\n<meta name=\"twitter:card\" content=\"summary_large_image\" \/>\n<script type=\"application\/ld+json\" class=\"yoast-schema-graph\">{\"@context\":\"https:\/\/schema.org\",\"@graph\":[{\"@type\":\"WebPage\",\"@id\":\"http:\/\/viva.burja.git.sprd.digital\/sl\/nase-nastanitve\/\",\"url\":\"http:\/\/viva.burja.git.sprd.digital\/sl\/nase-nastanitve\/\",\"name\":\"Na\u0161e nastanitve | Viva Rooms | Burja Hotels Collection\",\"isPartOf\":{\"@id\":\"http:\/\/viva.burja.git.sprd.digital\/#website\"},\"primaryImageOfPage\":{\"@id\":\"http:\/\/viva.burja.git.sprd.digital\/sl\/nase-nastanitve\/#primaryimage\"},\"image\":{\"@id\":\"http:\/\/viva.burja.git.sprd.digital\/sl\/nase-nastanitve\/#primaryimage\"},\"thumbnailUrl\":\"http:\/\/viva.burja.git.sprd.digital\/wp-content\/uploads\/sites\/7\/2021\/12\/WEB-ZOIS-HERO-PROPERTIES-desktop.jpg\",\"datePublished\":\"2020-09-29T09:23:52+00:00\",\"dateModified\":\"2022-01-03T13:10:04+00:00\",\"description\":\"Odkrijte na\u0161o kolekcijo izjemnih nastanitev na slovenskih top lokacijah in do\u017eivite na\u0161o zeleno de\u017eelo z Burja Hoteli.\",\"breadcrumb\":{\"@id\":\"http:\/\/viva.burja.git.sprd.digital\/sl\/nase-nastanitve\/#breadcrumb\"},\"inLanguage\":\"sl-SI\",\"potentialAction\":[{\"@type\":\"ReadAction\",\"target\":[\"http:\/\/viva.burja.git.sprd.digital\/sl\/nase-nastanitve\/\"]}]},{\"@type\":\"ImageObject\",\"inLanguage\":\"sl-SI\",\"@id\":\"http:\/\/viva.burja.git.sprd.digital\/sl\/nase-nastanitve\/#primaryimage\",\"url\":\"http:\/\/viva.burja.git.sprd.digital\/wp-content\/uploads\/sites\/7\/2021\/12\/WEB-ZOIS-HERO-PROPERTIES-desktop.jpg\",\"contentUrl\":\"http:\/\/viva.burja.git.sprd.digital\/wp-content\/uploads\/sites\/7\/2021\/12\/WEB-ZOIS-HERO-PROPERTIES-desktop.jpg\",\"width\":2500,\"height\":1355},{\"@type\":\"BreadcrumbList\",\"@id\":\"http:\/\/viva.burja.git.sprd.digital\/sl\/nase-nastanitve\/#breadcrumb\",\"itemListElement\":[{\"@type\":\"ListItem\",\"position\":1,\"name\":\"Home\",\"item\":\"http:\/\/viva.burja.git.sprd.digital\/sl\/\"},{\"@type\":\"ListItem\",\"position\":2,\"name\":\"Na\u0161e nastanitve\"}]},{\"@type\":\"WebSite\",\"@id\":\"http:\/\/viva.burja.git.sprd.digital\/#website\",\"url\":\"http:\/\/viva.burja.git.sprd.digital\/\",\"name\":\"Viva Rooms\",\"description\":\"Viva Rooms\",\"potentialAction\":[{\"@type\":\"SearchAction\",\"target\":{\"@type\":\"EntryPoint\",\"urlTemplate\":\"http:\/\/viva.burja.git.sprd.digital\/?s={search_term_string}\"},\"query-input\":{\"@type\":\"PropertyValueSpecification\",\"valueRequired\":true,\"valueName\":\"search_term_string\"}}],\"inLanguage\":\"sl-SI\"}]}<\/script>\n<!-- \/ Yoast SEO plugin. -->","yoast_head_json":{"title":"Na\u0161e nastanitve | Viva Rooms | Burja Hotels Collection","description":"Odkrijte na\u0161o kolekcijo izjemnih nastanitev na slovenskih top lokacijah in do\u017eivite na\u0161o zeleno de\u017eelo z Burja Hoteli.","robots":{"index":"index","follow":"follow","max-snippet":"max-snippet:-1","max-image-preview":"max-image-preview:large","max-video-preview":"max-video-preview:-1"},"canonical":"http:\/\/viva.burja.git.sprd.digital\/sl\/nase-nastanitve\/","og_locale":"sl_SI","og_type":"article","og_title":"Na\u0161e nastanitve | Viva Rooms | Burja Hotels Collection","og_description":"Odkrijte na\u0161o kolekcijo izjemnih nastanitev na slovenskih top lokacijah in do\u017eivite na\u0161o zeleno de\u017eelo z Burja Hoteli.","og_url":"http:\/\/viva.burja.git.sprd.digital\/sl\/nase-nastanitve\/","og_site_name":"Viva Rooms","article_modified_time":"2022-01-03T13:10:04+00:00","og_image":[{"width":2500,"height":1355,"url":"http:\/\/viva.burja.git.sprd.digital\/wp-content\/uploads\/sites\/7\/2021\/12\/WEB-ZOIS-HERO-PROPERTIES-desktop.jpg","type":"image\/jpeg"}],"twitter_card":"summary_large_image","schema":{"@context":"https:\/\/schema.org","@graph":[{"@type":"WebPage","@id":"http:\/\/viva.burja.git.sprd.digital\/sl\/nase-nastanitve\/","url":"http:\/\/viva.burja.git.sprd.digital\/sl\/nase-nastanitve\/","name":"Na\u0161e nastanitve | Viva Rooms | Burja Hotels Collection","isPartOf":{"@id":"http:\/\/viva.burja.git.sprd.digital\/#website"},"primaryImageOfPage":{"@id":"http:\/\/viva.burja.git.sprd.digital\/sl\/nase-nastanitve\/#primaryimage"},"image":{"@id":"http:\/\/viva.burja.git.sprd.digital\/sl\/nase-nastanitve\/#primaryimage"},"thumbnailUrl":"http:\/\/viva.burja.git.sprd.digital\/wp-content\/uploads\/sites\/7\/2021\/12\/WEB-ZOIS-HERO-PROPERTIES-desktop.jpg","datePublished":"2020-09-29T09:23:52+00:00","dateModified":"2022-01-03T13:10:04+00:00","description":"Odkrijte na\u0161o kolekcijo izjemnih nastanitev na slovenskih top lokacijah in do\u017eivite na\u0161o zeleno de\u017eelo z Burja Hoteli.","breadcrumb":{"@id":"http:\/\/viva.burja.git.sprd.digital\/sl\/nase-nastanitve\/#breadcrumb"},"inLanguage":"sl-SI","potentialAction":[{"@type":"ReadAction","target":["http:\/\/viva.burja.git.sprd.digital\/sl\/nase-nastanitve\/"]}]},{"@type":"ImageObject","inLanguage":"sl-SI","@id":"http:\/\/viva.burja.git.sprd.digital\/sl\/nase-nastanitve\/#primaryimage","url":"http:\/\/viva.burja.git.sprd.digital\/wp-content\/uploads\/sites\/7\/2021\/12\/WEB-ZOIS-HERO-PROPERTIES-desktop.jpg","contentUrl":"http:\/\/viva.burja.git.sprd.digital\/wp-content\/uploads\/sites\/7\/2021\/12\/WEB-ZOIS-HERO-PROPERTIES-desktop.jpg","width":2500,"height":1355},{"@type":"BreadcrumbList","@id":"http:\/\/viva.burja.git.sprd.digital\/sl\/nase-nastanitve\/#breadcrumb","itemListElement":[{"@type":"ListItem","position":1,"name":"Home","item":"http:\/\/viva.burja.git.sprd.digital\/sl\/"},{"@type":"ListItem","position":2,"name":"Na\u0161e nastanitve"}]},{"@type":"WebSite","@id":"http:\/\/viva.burja.git.sprd.digital\/#website","url":"http:\/\/viva.burja.git.sprd.digital\/","name":"Viva Rooms","description":"Viva Rooms","potentialAction":[{"@type":"SearchAction","target":{"@type":"EntryPoint","urlTemplate":"http:\/\/viva.burja.git.sprd.digital\/?s={search_term_string}"},"query-input":{"@type":"PropertyValueSpecification","valueRequired":true,"valueName":"search_term_string"}}],"inLanguage":"sl-SI"}]}},"_links":{"self":[{"href":"http:\/\/viva.burja.git.sprd.digital\/sl\/wp-json\/wp\/v2\/pages\/3430","targetHints":{"allow":["GET"]}}],"collection":[{"href":"http:\/\/viva.burja.git.sprd.digital\/sl\/wp-json\/wp\/v2\/pages"}],"about":[{"href":"http:\/\/viva.burja.git.sprd.digital\/sl\/wp-json\/wp\/v2\/types\/page"}],"author":[{"embeddable":true,"href":"http:\/\/viva.burja.git.sprd.digital\/sl\/wp-json\/wp\/v2\/users\/1"}],"replies":[{"embeddable":true,"href":"http:\/\/viva.burja.git.sprd.digital\/sl\/wp-json\/wp\/v2\/comments?post=3430"}],"version-history":[{"count":5,"href":"http:\/\/viva.burja.git.sprd.digital\/sl\/wp-json\/wp\/v2\/pages\/3430\/revisions"}],"predecessor-version":[{"id":4392,"href":"http:\/\/viva.burja.git.sprd.digital\/sl\/wp-json\/wp\/v2\/pages\/3430\/revisions\/4392"}],"wp:featuredmedia":[{"embeddable":true,"href":"http:\/\/viva.burja.git.sprd.digital\/sl\/wp-json\/wp\/v2\/media\/3217"}],"wp:attachment":[{"href":"http:\/\/viva.burja.git.sprd.digital\/sl\/wp-json\/wp\/v2\/media?parent=3430"}],"curies":[{"name":"wp","href":"https:\/\/api.w.org\/{rel}","templated":true}]}}