{"id":3417,"date":"2020-09-29T09:25:32","date_gmt":"2020-09-29T09:25:32","guid":{"rendered":"https:\/\/viva.burja.git.sprd.digital\/special-offers\/"},"modified":"2022-01-03T12:34:34","modified_gmt":"2022-01-03T12:34:34","slug":"posebna-ponudba","status":"publish","type":"page","link":"http:\/\/viva.burja.git.sprd.digital\/sl\/posebna-ponudba\/","title":{"rendered":"Posebna ponudba"},"content":{"rendered":"","protected":false},"excerpt":{"rendered":"<p> [&#8230;]<\/p>\n<p><a class=\"btn btn-secondary understrap-read-more-link\" href=\"http:\/\/viva.burja.git.sprd.digital\/sl\/posebna-ponudba\/\">Preberi ve\u010d&#8230;<\/a><\/p>\n","protected":false},"author":1,"featured_media":0,"parent":0,"menu_order":0,"comment_status":"closed","ping_status":"closed","template":"page-templates\/content-special-offers.php","meta":{"_acf_changed":false,"footnotes":""},"class_list":["post-3417","page","type-page","status-publish","hentry"],"acf":[],"yoast_head":"<!-- This site is optimized with the Yoast SEO plugin v27.1.1 - https:\/\/yoast.com\/product\/yoast-seo-wordpress\/ -->\n<title>Posebna ponudba | Viva Rooms | Burja Hotels Collection<\/title>\n<meta name=\"description\" content=\"Pobrskajte po na\u0161em izboru ekskluzivnih ponudb, ki bodo zagotovo obogatile va\u0161e bivanje v na\u0161i \u010dudoviti zeleni de\u017eeli.\" \/>\n<meta name=\"robots\" content=\"index, follow, max-snippet:-1, max-image-preview:large, max-video-preview:-1\" \/>\n<link rel=\"canonical\" href=\"http:\/\/viva.burja.git.sprd.digital\/sl\/posebna-ponudba\/\" \/>\n<meta property=\"og:locale\" content=\"sl_SI\" \/>\n<meta property=\"og:type\" content=\"article\" \/>\n<meta property=\"og:title\" content=\"Special Offers - Galeria River\" \/>\n<meta property=\"og:description\" content=\"Whether on business or leisure, we prepared a selection of attractive deals featuring our guesthouse, that will make your stay even more enjoyable.\" \/>\n<meta property=\"og:url\" content=\"http:\/\/viva.burja.git.sprd.digital\/sl\/posebna-ponudba\/\" \/>\n<meta property=\"og:site_name\" content=\"Viva Rooms\" \/>\n<meta property=\"article:modified_time\" content=\"2022-01-03T12:34:34+00:00\" \/>\n<meta name=\"twitter:card\" content=\"summary_large_image\" \/>\n<script type=\"application\/ld+json\" class=\"yoast-schema-graph\">{\"@context\":\"https:\/\/schema.org\",\"@graph\":[{\"@type\":\"WebPage\",\"@id\":\"http:\/\/viva.burja.git.sprd.digital\/sl\/posebna-ponudba\/\",\"url\":\"http:\/\/viva.burja.git.sprd.digital\/sl\/posebna-ponudba\/\",\"name\":\"Posebna ponudba | Viva Rooms | Burja Hotels Collection\",\"isPartOf\":{\"@id\":\"http:\/\/viva.burja.git.sprd.digital\/#website\"},\"datePublished\":\"2020-09-29T09:25:32+00:00\",\"dateModified\":\"2022-01-03T12:34:34+00:00\",\"description\":\"Pobrskajte po na\u0161em izboru ekskluzivnih ponudb, ki bodo zagotovo obogatile va\u0161e bivanje v na\u0161i \u010dudoviti zeleni de\u017eeli.\",\"breadcrumb\":{\"@id\":\"http:\/\/viva.burja.git.sprd.digital\/sl\/posebna-ponudba\/#breadcrumb\"},\"inLanguage\":\"sl-SI\",\"potentialAction\":[{\"@type\":\"ReadAction\",\"target\":[\"http:\/\/viva.burja.git.sprd.digital\/sl\/posebna-ponudba\/\"]}]},{\"@type\":\"BreadcrumbList\",\"@id\":\"http:\/\/viva.burja.git.sprd.digital\/sl\/posebna-ponudba\/#breadcrumb\",\"itemListElement\":[{\"@type\":\"ListItem\",\"position\":1,\"name\":\"Home\",\"item\":\"http:\/\/viva.burja.git.sprd.digital\/sl\/\"},{\"@type\":\"ListItem\",\"position\":2,\"name\":\"Posebna ponudba\"}]},{\"@type\":\"WebSite\",\"@id\":\"http:\/\/viva.burja.git.sprd.digital\/#website\",\"url\":\"http:\/\/viva.burja.git.sprd.digital\/\",\"name\":\"Viva Rooms\",\"description\":\"Viva Rooms\",\"potentialAction\":[{\"@type\":\"SearchAction\",\"target\":{\"@type\":\"EntryPoint\",\"urlTemplate\":\"http:\/\/viva.burja.git.sprd.digital\/?s={search_term_string}\"},\"query-input\":{\"@type\":\"PropertyValueSpecification\",\"valueRequired\":true,\"valueName\":\"search_term_string\"}}],\"inLanguage\":\"sl-SI\"}]}<\/script>\n<!-- \/ Yoast SEO plugin. -->","yoast_head_json":{"title":"Posebna ponudba | Viva Rooms | Burja Hotels Collection","description":"Pobrskajte po na\u0161em izboru ekskluzivnih ponudb, ki bodo zagotovo obogatile va\u0161e bivanje v na\u0161i \u010dudoviti zeleni de\u017eeli.","robots":{"index":"index","follow":"follow","max-snippet":"max-snippet:-1","max-image-preview":"max-image-preview:large","max-video-preview":"max-video-preview:-1"},"canonical":"http:\/\/viva.burja.git.sprd.digital\/sl\/posebna-ponudba\/","og_locale":"sl_SI","og_type":"article","og_title":"Special Offers - Galeria River","og_description":"Whether on business or leisure, we prepared a selection of attractive deals featuring our guesthouse, that will make your stay even more enjoyable.","og_url":"http:\/\/viva.burja.git.sprd.digital\/sl\/posebna-ponudba\/","og_site_name":"Viva Rooms","article_modified_time":"2022-01-03T12:34:34+00:00","twitter_card":"summary_large_image","schema":{"@context":"https:\/\/schema.org","@graph":[{"@type":"WebPage","@id":"http:\/\/viva.burja.git.sprd.digital\/sl\/posebna-ponudba\/","url":"http:\/\/viva.burja.git.sprd.digital\/sl\/posebna-ponudba\/","name":"Posebna ponudba | Viva Rooms | Burja Hotels Collection","isPartOf":{"@id":"http:\/\/viva.burja.git.sprd.digital\/#website"},"datePublished":"2020-09-29T09:25:32+00:00","dateModified":"2022-01-03T12:34:34+00:00","description":"Pobrskajte po na\u0161em izboru ekskluzivnih ponudb, ki bodo zagotovo obogatile va\u0161e bivanje v na\u0161i \u010dudoviti zeleni de\u017eeli.","breadcrumb":{"@id":"http:\/\/viva.burja.git.sprd.digital\/sl\/posebna-ponudba\/#breadcrumb"},"inLanguage":"sl-SI","potentialAction":[{"@type":"ReadAction","target":["http:\/\/viva.burja.git.sprd.digital\/sl\/posebna-ponudba\/"]}]},{"@type":"BreadcrumbList","@id":"http:\/\/viva.burja.git.sprd.digital\/sl\/posebna-ponudba\/#breadcrumb","itemListElement":[{"@type":"ListItem","position":1,"name":"Home","item":"http:\/\/viva.burja.git.sprd.digital\/sl\/"},{"@type":"ListItem","position":2,"name":"Posebna ponudba"}]},{"@type":"WebSite","@id":"http:\/\/viva.burja.git.sprd.digital\/#website","url":"http:\/\/viva.burja.git.sprd.digital\/","name":"Viva Rooms","description":"Viva Rooms","potentialAction":[{"@type":"SearchAction","target":{"@type":"EntryPoint","urlTemplate":"http:\/\/viva.burja.git.sprd.digital\/?s={search_term_string}"},"query-input":{"@type":"PropertyValueSpecification","valueRequired":true,"valueName":"search_term_string"}}],"inLanguage":"sl-SI"}]}},"_links":{"self":[{"href":"http:\/\/viva.burja.git.sprd.digital\/sl\/wp-json\/wp\/v2\/pages\/3417","targetHints":{"allow":["GET"]}}],"collection":[{"href":"http:\/\/viva.burja.git.sprd.digital\/sl\/wp-json\/wp\/v2\/pages"}],"about":[{"href":"http:\/\/viva.burja.git.sprd.digital\/sl\/wp-json\/wp\/v2\/types\/page"}],"author":[{"embeddable":true,"href":"http:\/\/viva.burja.git.sprd.digital\/sl\/wp-json\/wp\/v2\/users\/1"}],"replies":[{"embeddable":true,"href":"http:\/\/viva.burja.git.sprd.digital\/sl\/wp-json\/wp\/v2\/comments?post=3417"}],"version-history":[{"count":4,"href":"http:\/\/viva.burja.git.sprd.digital\/sl\/wp-json\/wp\/v2\/pages\/3417\/revisions"}],"predecessor-version":[{"id":4381,"href":"http:\/\/viva.burja.git.sprd.digital\/sl\/wp-json\/wp\/v2\/pages\/3417\/revisions\/4381"}],"wp:attachment":[{"href":"http:\/\/viva.burja.git.sprd.digital\/sl\/wp-json\/wp\/v2\/media?parent=3417"}],"curies":[{"name":"wp","href":"https:\/\/api.w.org\/{rel}","templated":true}]}}