{"id":3405,"date":"2020-09-29T09:18:38","date_gmt":"2020-09-29T09:18:38","guid":{"rendered":"https:\/\/viva.burja.git.sprd.digital\/experiences\/"},"modified":"2022-01-03T12:31:31","modified_gmt":"2022-01-03T12:31:31","slug":"dozivetja","status":"publish","type":"page","link":"http:\/\/viva.burja.git.sprd.digital\/sl\/dozivetja\/","title":{"rendered":"Do\u017eivetja"},"content":{"rendered":"","protected":false},"excerpt":{"rendered":"<p> [&#8230;]<\/p>\n<p><a class=\"btn btn-secondary understrap-read-more-link\" href=\"http:\/\/viva.burja.git.sprd.digital\/sl\/dozivetja\/\">Preberi ve\u010d&#8230;<\/a><\/p>\n","protected":false},"author":1,"featured_media":0,"parent":0,"menu_order":0,"comment_status":"closed","ping_status":"closed","template":"page-templates\/content-a-la-carte.php","meta":{"_acf_changed":false,"footnotes":""},"class_list":["post-3405","page","type-page","status-publish","hentry"],"acf":[],"yoast_head":"<!-- This site is optimized with the Yoast SEO plugin v27.1.1 - https:\/\/yoast.com\/product\/yoast-seo-wordpress\/ -->\n<title>Do\u017eivetja | Viva Rooms | Burja Hotels Collection<\/title>\n<meta name=\"description\" content=\"Odkrijte na\u0161o zeleno de\u017eelo v lastnem ritmu z na\u0161imi izleti po meri in za\u010dnite zbirati neverjetna do\u017eivetja v Sloveniji.\" \/>\n<meta name=\"robots\" content=\"index, follow, max-snippet:-1, max-image-preview:large, max-video-preview:-1\" \/>\n<link rel=\"canonical\" href=\"http:\/\/viva.burja.git.sprd.digital\/sl\/dozivetja\/\" \/>\n<meta property=\"og:locale\" content=\"sl_SI\" \/>\n<meta property=\"og:type\" content=\"article\" \/>\n<meta property=\"og:title\" content=\"Experiences - Galeria River\" \/>\n<meta property=\"og:description\" content=\"Explore our green country on your own pace. Check our \u201cA La Carte\u201d routes for the most varied tastes\u2026 experience Slovenia with us!\" \/>\n<meta property=\"og:url\" content=\"http:\/\/viva.burja.git.sprd.digital\/sl\/dozivetja\/\" \/>\n<meta property=\"og:site_name\" content=\"Viva Rooms\" \/>\n<meta property=\"article:modified_time\" content=\"2022-01-03T12:31:31+00:00\" \/>\n<meta name=\"twitter:card\" content=\"summary_large_image\" \/>\n<script type=\"application\/ld+json\" class=\"yoast-schema-graph\">{\"@context\":\"https:\/\/schema.org\",\"@graph\":[{\"@type\":\"WebPage\",\"@id\":\"http:\/\/viva.burja.git.sprd.digital\/sl\/dozivetja\/\",\"url\":\"http:\/\/viva.burja.git.sprd.digital\/sl\/dozivetja\/\",\"name\":\"Do\u017eivetja | Viva Rooms | Burja Hotels Collection\",\"isPartOf\":{\"@id\":\"http:\/\/viva.burja.git.sprd.digital\/#website\"},\"datePublished\":\"2020-09-29T09:18:38+00:00\",\"dateModified\":\"2022-01-03T12:31:31+00:00\",\"description\":\"Odkrijte na\u0161o zeleno de\u017eelo v lastnem ritmu z na\u0161imi izleti po meri in za\u010dnite zbirati neverjetna do\u017eivetja v Sloveniji.\",\"breadcrumb\":{\"@id\":\"http:\/\/viva.burja.git.sprd.digital\/sl\/dozivetja\/#breadcrumb\"},\"inLanguage\":\"sl-SI\",\"potentialAction\":[{\"@type\":\"ReadAction\",\"target\":[\"http:\/\/viva.burja.git.sprd.digital\/sl\/dozivetja\/\"]}]},{\"@type\":\"BreadcrumbList\",\"@id\":\"http:\/\/viva.burja.git.sprd.digital\/sl\/dozivetja\/#breadcrumb\",\"itemListElement\":[{\"@type\":\"ListItem\",\"position\":1,\"name\":\"Home\",\"item\":\"http:\/\/viva.burja.git.sprd.digital\/sl\/\"},{\"@type\":\"ListItem\",\"position\":2,\"name\":\"Do\u017eivetja\"}]},{\"@type\":\"WebSite\",\"@id\":\"http:\/\/viva.burja.git.sprd.digital\/#website\",\"url\":\"http:\/\/viva.burja.git.sprd.digital\/\",\"name\":\"Viva Rooms\",\"description\":\"Viva Rooms\",\"potentialAction\":[{\"@type\":\"SearchAction\",\"target\":{\"@type\":\"EntryPoint\",\"urlTemplate\":\"http:\/\/viva.burja.git.sprd.digital\/?s={search_term_string}\"},\"query-input\":{\"@type\":\"PropertyValueSpecification\",\"valueRequired\":true,\"valueName\":\"search_term_string\"}}],\"inLanguage\":\"sl-SI\"}]}<\/script>\n<!-- \/ Yoast SEO plugin. -->","yoast_head_json":{"title":"Do\u017eivetja | Viva Rooms | Burja Hotels Collection","description":"Odkrijte na\u0161o zeleno de\u017eelo v lastnem ritmu z na\u0161imi izleti po meri in za\u010dnite zbirati neverjetna do\u017eivetja v Sloveniji.","robots":{"index":"index","follow":"follow","max-snippet":"max-snippet:-1","max-image-preview":"max-image-preview:large","max-video-preview":"max-video-preview:-1"},"canonical":"http:\/\/viva.burja.git.sprd.digital\/sl\/dozivetja\/","og_locale":"sl_SI","og_type":"article","og_title":"Experiences - Galeria River","og_description":"Explore our green country on your own pace. Check our \u201cA La Carte\u201d routes for the most varied tastes\u2026 experience Slovenia with us!","og_url":"http:\/\/viva.burja.git.sprd.digital\/sl\/dozivetja\/","og_site_name":"Viva Rooms","article_modified_time":"2022-01-03T12:31:31+00:00","twitter_card":"summary_large_image","schema":{"@context":"https:\/\/schema.org","@graph":[{"@type":"WebPage","@id":"http:\/\/viva.burja.git.sprd.digital\/sl\/dozivetja\/","url":"http:\/\/viva.burja.git.sprd.digital\/sl\/dozivetja\/","name":"Do\u017eivetja | Viva Rooms | Burja Hotels Collection","isPartOf":{"@id":"http:\/\/viva.burja.git.sprd.digital\/#website"},"datePublished":"2020-09-29T09:18:38+00:00","dateModified":"2022-01-03T12:31:31+00:00","description":"Odkrijte na\u0161o zeleno de\u017eelo v lastnem ritmu z na\u0161imi izleti po meri in za\u010dnite zbirati neverjetna do\u017eivetja v Sloveniji.","breadcrumb":{"@id":"http:\/\/viva.burja.git.sprd.digital\/sl\/dozivetja\/#breadcrumb"},"inLanguage":"sl-SI","potentialAction":[{"@type":"ReadAction","target":["http:\/\/viva.burja.git.sprd.digital\/sl\/dozivetja\/"]}]},{"@type":"BreadcrumbList","@id":"http:\/\/viva.burja.git.sprd.digital\/sl\/dozivetja\/#breadcrumb","itemListElement":[{"@type":"ListItem","position":1,"name":"Home","item":"http:\/\/viva.burja.git.sprd.digital\/sl\/"},{"@type":"ListItem","position":2,"name":"Do\u017eivetja"}]},{"@type":"WebSite","@id":"http:\/\/viva.burja.git.sprd.digital\/#website","url":"http:\/\/viva.burja.git.sprd.digital\/","name":"Viva Rooms","description":"Viva Rooms","potentialAction":[{"@type":"SearchAction","target":{"@type":"EntryPoint","urlTemplate":"http:\/\/viva.burja.git.sprd.digital\/?s={search_term_string}"},"query-input":{"@type":"PropertyValueSpecification","valueRequired":true,"valueName":"search_term_string"}}],"inLanguage":"sl-SI"}]}},"_links":{"self":[{"href":"http:\/\/viva.burja.git.sprd.digital\/sl\/wp-json\/wp\/v2\/pages\/3405","targetHints":{"allow":["GET"]}}],"collection":[{"href":"http:\/\/viva.burja.git.sprd.digital\/sl\/wp-json\/wp\/v2\/pages"}],"about":[{"href":"http:\/\/viva.burja.git.sprd.digital\/sl\/wp-json\/wp\/v2\/types\/page"}],"author":[{"embeddable":true,"href":"http:\/\/viva.burja.git.sprd.digital\/sl\/wp-json\/wp\/v2\/users\/1"}],"replies":[{"embeddable":true,"href":"http:\/\/viva.burja.git.sprd.digital\/sl\/wp-json\/wp\/v2\/comments?post=3405"}],"version-history":[{"count":7,"href":"http:\/\/viva.burja.git.sprd.digital\/sl\/wp-json\/wp\/v2\/pages\/3405\/revisions"}],"predecessor-version":[{"id":4380,"href":"http:\/\/viva.burja.git.sprd.digital\/sl\/wp-json\/wp\/v2\/pages\/3405\/revisions\/4380"}],"wp:attachment":[{"href":"http:\/\/viva.burja.git.sprd.digital\/sl\/wp-json\/wp\/v2\/media?parent=3405"}],"curies":[{"name":"wp","href":"https:\/\/api.w.org\/{rel}","templated":true}]}}