{"id":3327,"date":"2020-09-29T09:07:44","date_gmt":"2020-09-29T09:07:44","guid":{"rendered":"https:\/\/viva.burja.git.sprd.digital\/home\/"},"modified":"2022-01-03T12:29:32","modified_gmt":"2022-01-03T12:29:32","slug":"home","status":"publish","type":"page","link":"http:\/\/viva.burja.git.sprd.digital\/sl\/","title":{"rendered":"Domov"},"content":{"rendered":"","protected":false},"excerpt":{"rendered":"<p> [&#8230;]<\/p>\n<p><a class=\"btn btn-secondary understrap-read-more-link\" href=\"http:\/\/viva.burja.git.sprd.digital\/sl\/\">Preberi ve\u010d&#8230;<\/a><\/p>\n","protected":false},"author":1,"featured_media":3542,"parent":0,"menu_order":0,"comment_status":"closed","ping_status":"closed","template":"page-templates\/home.php","meta":{"_acf_changed":false,"footnotes":""},"class_list":["post-3327","page","type-page","status-publish","has-post-thumbnail","hentry"],"acf":[],"yoast_head":"<!-- This site is optimized with the Yoast SEO plugin v27.1.1 - https:\/\/yoast.com\/product\/yoast-seo-wordpress\/ -->\n<title>Viva Rooms ** | Buti\u010dne sobe | Burja Hotels Collection<\/title>\n<meta name=\"description\" content=\"Viva Rooms se nahaja na zavidljivi lokaciji, le kratek sprehod od znamenitega Pre\u0161ernovega trga, v sredi\u0161\u010du \u017eivahnih mestnih prizorov.\" \/>\n<meta name=\"robots\" content=\"index, follow, max-snippet:-1, max-image-preview:large, max-video-preview:-1\" \/>\n<link rel=\"canonical\" href=\"http:\/\/viva.burja.git.sprd.digital\/sl\/\" \/>\n<meta property=\"og:locale\" content=\"sl_SI\" \/>\n<meta property=\"og:type\" content=\"article\" \/>\n<meta property=\"og:title\" content=\"Viva Rooms | Your Home in Ljubljana | Burja Hotels Collection\" \/>\n<meta property=\"og:description\" content=\"Our guesthouse, your home in Ljubljana. The stunning views and stylish rooms of Viva Rooms invite you for a memorable stay in the heart of the Old Town.\" \/>\n<meta property=\"og:url\" content=\"http:\/\/viva.burja.git.sprd.digital\/sl\/\" \/>\n<meta property=\"og:site_name\" content=\"Viva Rooms\" \/>\n<meta property=\"article:modified_time\" content=\"2022-01-03T12:29:32+00:00\" \/>\n<meta name=\"twitter:card\" content=\"summary_large_image\" \/>\n<meta name=\"twitter:image\" content=\"http:\/\/viva.burja.git.sprd.digital\/wp-content\/uploads\/sites\/7\/2021\/12\/VIVA_ROOMS-DOUBLE_24.jpg\" \/>\n<script type=\"application\/ld+json\" class=\"yoast-schema-graph\">{\"@context\":\"https:\/\/schema.org\",\"@graph\":[{\"@type\":\"WebPage\",\"@id\":\"http:\/\/viva.burja.git.sprd.digital\/sl\/\",\"url\":\"http:\/\/viva.burja.git.sprd.digital\/sl\/\",\"name\":\"Viva Rooms ** | Buti\u010dne sobe | Burja Hotels Collection\",\"isPartOf\":{\"@id\":\"http:\/\/viva.burja.git.sprd.digital\/#website\"},\"primaryImageOfPage\":{\"@id\":\"http:\/\/viva.burja.git.sprd.digital\/sl\/#primaryimage\"},\"image\":{\"@id\":\"http:\/\/viva.burja.git.sprd.digital\/sl\/#primaryimage\"},\"thumbnailUrl\":\"http:\/\/viva.burja.git.sprd.digital\/wp-content\/uploads\/sites\/7\/2021\/12\/VIVA_ROOMS-DOUBLE_24.jpg\",\"datePublished\":\"2020-09-29T09:07:44+00:00\",\"dateModified\":\"2022-01-03T12:29:32+00:00\",\"description\":\"Viva Rooms se nahaja na zavidljivi lokaciji, le kratek sprehod od znamenitega Pre\u0161ernovega trga, v sredi\u0161\u010du \u017eivahnih mestnih prizorov.\",\"breadcrumb\":{\"@id\":\"http:\/\/viva.burja.git.sprd.digital\/sl\/#breadcrumb\"},\"inLanguage\":\"sl-SI\",\"potentialAction\":[{\"@type\":\"ReadAction\",\"target\":[\"http:\/\/viva.burja.git.sprd.digital\/sl\/\"]}]},{\"@type\":\"ImageObject\",\"inLanguage\":\"sl-SI\",\"@id\":\"http:\/\/viva.burja.git.sprd.digital\/sl\/#primaryimage\",\"url\":\"http:\/\/viva.burja.git.sprd.digital\/wp-content\/uploads\/sites\/7\/2021\/12\/VIVA_ROOMS-DOUBLE_24.jpg\",\"contentUrl\":\"http:\/\/viva.burja.git.sprd.digital\/wp-content\/uploads\/sites\/7\/2021\/12\/VIVA_ROOMS-DOUBLE_24.jpg\",\"width\":2000,\"height\":1316},{\"@type\":\"BreadcrumbList\",\"@id\":\"http:\/\/viva.burja.git.sprd.digital\/sl\/#breadcrumb\",\"itemListElement\":[{\"@type\":\"ListItem\",\"position\":1,\"name\":\"Home\",\"item\":\"http:\/\/viva.burja.git.sprd.digital\/sl\/\"},{\"@type\":\"ListItem\",\"position\":2,\"name\":\"Domov\"}]},{\"@type\":\"WebSite\",\"@id\":\"http:\/\/viva.burja.git.sprd.digital\/#website\",\"url\":\"http:\/\/viva.burja.git.sprd.digital\/\",\"name\":\"Viva Rooms\",\"description\":\"Viva Rooms\",\"potentialAction\":[{\"@type\":\"SearchAction\",\"target\":{\"@type\":\"EntryPoint\",\"urlTemplate\":\"http:\/\/viva.burja.git.sprd.digital\/?s={search_term_string}\"},\"query-input\":{\"@type\":\"PropertyValueSpecification\",\"valueRequired\":true,\"valueName\":\"search_term_string\"}}],\"inLanguage\":\"sl-SI\"}]}<\/script>\n<!-- \/ Yoast SEO plugin. -->","yoast_head_json":{"title":"Viva Rooms ** | Buti\u010dne sobe | Burja Hotels Collection","description":"Viva Rooms se nahaja na zavidljivi lokaciji, le kratek sprehod od znamenitega Pre\u0161ernovega trga, v sredi\u0161\u010du \u017eivahnih mestnih prizorov.","robots":{"index":"index","follow":"follow","max-snippet":"max-snippet:-1","max-image-preview":"max-image-preview:large","max-video-preview":"max-video-preview:-1"},"canonical":"http:\/\/viva.burja.git.sprd.digital\/sl\/","og_locale":"sl_SI","og_type":"article","og_title":"Viva Rooms | Your Home in Ljubljana | Burja Hotels Collection","og_description":"Our guesthouse, your home in Ljubljana. The stunning views and stylish rooms of Viva Rooms invite you for a memorable stay in the heart of the Old Town.","og_url":"http:\/\/viva.burja.git.sprd.digital\/sl\/","og_site_name":"Viva Rooms","article_modified_time":"2022-01-03T12:29:32+00:00","twitter_card":"summary_large_image","twitter_image":"http:\/\/viva.burja.git.sprd.digital\/wp-content\/uploads\/sites\/7\/2021\/12\/VIVA_ROOMS-DOUBLE_24.jpg","schema":{"@context":"https:\/\/schema.org","@graph":[{"@type":"WebPage","@id":"http:\/\/viva.burja.git.sprd.digital\/sl\/","url":"http:\/\/viva.burja.git.sprd.digital\/sl\/","name":"Viva Rooms ** | Buti\u010dne sobe | Burja Hotels Collection","isPartOf":{"@id":"http:\/\/viva.burja.git.sprd.digital\/#website"},"primaryImageOfPage":{"@id":"http:\/\/viva.burja.git.sprd.digital\/sl\/#primaryimage"},"image":{"@id":"http:\/\/viva.burja.git.sprd.digital\/sl\/#primaryimage"},"thumbnailUrl":"http:\/\/viva.burja.git.sprd.digital\/wp-content\/uploads\/sites\/7\/2021\/12\/VIVA_ROOMS-DOUBLE_24.jpg","datePublished":"2020-09-29T09:07:44+00:00","dateModified":"2022-01-03T12:29:32+00:00","description":"Viva Rooms se nahaja na zavidljivi lokaciji, le kratek sprehod od znamenitega Pre\u0161ernovega trga, v sredi\u0161\u010du \u017eivahnih mestnih prizorov.","breadcrumb":{"@id":"http:\/\/viva.burja.git.sprd.digital\/sl\/#breadcrumb"},"inLanguage":"sl-SI","potentialAction":[{"@type":"ReadAction","target":["http:\/\/viva.burja.git.sprd.digital\/sl\/"]}]},{"@type":"ImageObject","inLanguage":"sl-SI","@id":"http:\/\/viva.burja.git.sprd.digital\/sl\/#primaryimage","url":"http:\/\/viva.burja.git.sprd.digital\/wp-content\/uploads\/sites\/7\/2021\/12\/VIVA_ROOMS-DOUBLE_24.jpg","contentUrl":"http:\/\/viva.burja.git.sprd.digital\/wp-content\/uploads\/sites\/7\/2021\/12\/VIVA_ROOMS-DOUBLE_24.jpg","width":2000,"height":1316},{"@type":"BreadcrumbList","@id":"http:\/\/viva.burja.git.sprd.digital\/sl\/#breadcrumb","itemListElement":[{"@type":"ListItem","position":1,"name":"Home","item":"http:\/\/viva.burja.git.sprd.digital\/sl\/"},{"@type":"ListItem","position":2,"name":"Domov"}]},{"@type":"WebSite","@id":"http:\/\/viva.burja.git.sprd.digital\/#website","url":"http:\/\/viva.burja.git.sprd.digital\/","name":"Viva Rooms","description":"Viva Rooms","potentialAction":[{"@type":"SearchAction","target":{"@type":"EntryPoint","urlTemplate":"http:\/\/viva.burja.git.sprd.digital\/?s={search_term_string}"},"query-input":{"@type":"PropertyValueSpecification","valueRequired":true,"valueName":"search_term_string"}}],"inLanguage":"sl-SI"}]}},"_links":{"self":[{"href":"http:\/\/viva.burja.git.sprd.digital\/sl\/wp-json\/wp\/v2\/pages\/3327","targetHints":{"allow":["GET"]}}],"collection":[{"href":"http:\/\/viva.burja.git.sprd.digital\/sl\/wp-json\/wp\/v2\/pages"}],"about":[{"href":"http:\/\/viva.burja.git.sprd.digital\/sl\/wp-json\/wp\/v2\/types\/page"}],"author":[{"embeddable":true,"href":"http:\/\/viva.burja.git.sprd.digital\/sl\/wp-json\/wp\/v2\/users\/1"}],"replies":[{"embeddable":true,"href":"http:\/\/viva.burja.git.sprd.digital\/sl\/wp-json\/wp\/v2\/comments?post=3327"}],"version-history":[{"count":14,"href":"http:\/\/viva.burja.git.sprd.digital\/sl\/wp-json\/wp\/v2\/pages\/3327\/revisions"}],"predecessor-version":[{"id":4377,"href":"http:\/\/viva.burja.git.sprd.digital\/sl\/wp-json\/wp\/v2\/pages\/3327\/revisions\/4377"}],"wp:featuredmedia":[{"embeddable":true,"href":"http:\/\/viva.burja.git.sprd.digital\/sl\/wp-json\/wp\/v2\/media\/3542"}],"wp:attachment":[{"href":"http:\/\/viva.burja.git.sprd.digital\/sl\/wp-json\/wp\/v2\/media?parent=3327"}],"curies":[{"name":"wp","href":"https:\/\/api.w.org\/{rel}","templated":true}]}}