{"id":3028,"date":"2021-06-01T14:57:03","date_gmt":"2021-06-01T12:57:03","guid":{"rendered":"https:\/\/viva.burja.git.sprd.digital\/book-a-room\/"},"modified":"2022-01-03T12:28:23","modified_gmt":"2022-01-03T12:28:23","slug":"rezerviraj-sobo","status":"publish","type":"page","link":"http:\/\/viva.burja.git.sprd.digital\/sl\/rezerviraj-sobo\/","title":{"rendered":"<b>Rezerviraj sobo:<\/b> Najbolj\u0161a cena"},"content":{"rendered":"","protected":false},"excerpt":{"rendered":"<p> [&#8230;]<\/p>\n<p><a class=\"btn btn-secondary understrap-read-more-link\" href=\"http:\/\/viva.burja.git.sprd.digital\/sl\/rezerviraj-sobo\/\">Preberi ve\u010d&#8230;<\/a><\/p>\n","protected":false},"author":1,"featured_media":3576,"parent":0,"menu_order":0,"comment_status":"closed","ping_status":"closed","template":"page-templates\/booking_form.php","meta":{"_acf_changed":false,"footnotes":""},"class_list":["post-3028","page","type-page","status-publish","has-post-thumbnail","hentry"],"acf":[],"yoast_head":"<!-- This site is optimized with the Yoast SEO plugin v27.1.1 - https:\/\/yoast.com\/product\/yoast-seo-wordpress\/ -->\n<title>Rezerviraj sobo: Najbolj\u0161a cena | Viva Rooms | Burja Hotels Collection<\/title>\n<meta name=\"description\" content=\"Viva Rooms se nahaja na zavidljivi lokaciji, le kratek sprehod od znamenitega Pre\u0161ernovega trga, v sredi\u0161\u010du \u017eivahnih mestnih prizorov.\" \/>\n<meta name=\"robots\" content=\"index, follow, max-snippet:-1, max-image-preview:large, max-video-preview:-1\" \/>\n<link rel=\"canonical\" href=\"http:\/\/viva.burja.git.sprd.digital\/sl\/rezerviraj-sobo\/\" \/>\n<meta property=\"og:locale\" content=\"sl_SI\" \/>\n<meta property=\"og:type\" content=\"article\" \/>\n<meta property=\"og:title\" content=\"Rezerviraj sobo: Najbolj\u0161a cena | Viva Rooms | Burja Hotels Collection\" \/>\n<meta property=\"og:description\" content=\"Viva Rooms se nahaja na zavidljivi lokaciji, le kratek sprehod od znamenitega Pre\u0161ernovega trga, v sredi\u0161\u010du \u017eivahnih mestnih prizorov.\" \/>\n<meta property=\"og:url\" content=\"http:\/\/viva.burja.git.sprd.digital\/sl\/rezerviraj-sobo\/\" \/>\n<meta property=\"og:site_name\" content=\"Viva Rooms\" \/>\n<meta property=\"article:modified_time\" content=\"2022-01-03T12:28:23+00:00\" \/>\n<meta property=\"og:image\" content=\"http:\/\/viva.burja.git.sprd.digital\/wp-content\/uploads\/sites\/7\/2021\/12\/VIVA_ROOMS-QUADRUPLE_09.jpg\" \/>\n\t<meta property=\"og:image:width\" content=\"2000\" \/>\n\t<meta property=\"og:image:height\" content=\"1335\" \/>\n\t<meta property=\"og:image:type\" content=\"image\/jpeg\" \/>\n<meta name=\"twitter:card\" content=\"summary_large_image\" \/>\n<script type=\"application\/ld+json\" class=\"yoast-schema-graph\">{\"@context\":\"https:\/\/schema.org\",\"@graph\":[{\"@type\":\"WebPage\",\"@id\":\"http:\/\/viva.burja.git.sprd.digital\/sl\/rezerviraj-sobo\/\",\"url\":\"http:\/\/viva.burja.git.sprd.digital\/sl\/rezerviraj-sobo\/\",\"name\":\"Rezerviraj sobo: Najbolj\u0161a cena | Viva Rooms | Burja Hotels Collection\",\"isPartOf\":{\"@id\":\"http:\/\/viva.burja.git.sprd.digital\/#website\"},\"primaryImageOfPage\":{\"@id\":\"http:\/\/viva.burja.git.sprd.digital\/sl\/rezerviraj-sobo\/#primaryimage\"},\"image\":{\"@id\":\"http:\/\/viva.burja.git.sprd.digital\/sl\/rezerviraj-sobo\/#primaryimage\"},\"thumbnailUrl\":\"http:\/\/viva.burja.git.sprd.digital\/wp-content\/uploads\/sites\/7\/2021\/12\/VIVA_ROOMS-QUADRUPLE_09.jpg\",\"datePublished\":\"2021-06-01T12:57:03+00:00\",\"dateModified\":\"2022-01-03T12:28:23+00:00\",\"description\":\"Viva Rooms se nahaja na zavidljivi lokaciji, le kratek sprehod od znamenitega Pre\u0161ernovega trga, v sredi\u0161\u010du \u017eivahnih mestnih prizorov.\",\"breadcrumb\":{\"@id\":\"http:\/\/viva.burja.git.sprd.digital\/sl\/rezerviraj-sobo\/#breadcrumb\"},\"inLanguage\":\"sl-SI\",\"potentialAction\":[{\"@type\":\"ReadAction\",\"target\":[\"http:\/\/viva.burja.git.sprd.digital\/sl\/rezerviraj-sobo\/\"]}]},{\"@type\":\"ImageObject\",\"inLanguage\":\"sl-SI\",\"@id\":\"http:\/\/viva.burja.git.sprd.digital\/sl\/rezerviraj-sobo\/#primaryimage\",\"url\":\"http:\/\/viva.burja.git.sprd.digital\/wp-content\/uploads\/sites\/7\/2021\/12\/VIVA_ROOMS-QUADRUPLE_09.jpg\",\"contentUrl\":\"http:\/\/viva.burja.git.sprd.digital\/wp-content\/uploads\/sites\/7\/2021\/12\/VIVA_ROOMS-QUADRUPLE_09.jpg\",\"width\":2000,\"height\":1335},{\"@type\":\"BreadcrumbList\",\"@id\":\"http:\/\/viva.burja.git.sprd.digital\/sl\/rezerviraj-sobo\/#breadcrumb\",\"itemListElement\":[{\"@type\":\"ListItem\",\"position\":1,\"name\":\"Home\",\"item\":\"http:\/\/viva.burja.git.sprd.digital\/sl\/\"},{\"@type\":\"ListItem\",\"position\":2,\"name\":\"Rezerviraj sobo: Najbolj\u0161a cena\"}]},{\"@type\":\"WebSite\",\"@id\":\"http:\/\/viva.burja.git.sprd.digital\/#website\",\"url\":\"http:\/\/viva.burja.git.sprd.digital\/\",\"name\":\"Viva Rooms\",\"description\":\"Viva Rooms\",\"potentialAction\":[{\"@type\":\"SearchAction\",\"target\":{\"@type\":\"EntryPoint\",\"urlTemplate\":\"http:\/\/viva.burja.git.sprd.digital\/?s={search_term_string}\"},\"query-input\":{\"@type\":\"PropertyValueSpecification\",\"valueRequired\":true,\"valueName\":\"search_term_string\"}}],\"inLanguage\":\"sl-SI\"}]}<\/script>\n<!-- \/ Yoast SEO plugin. -->","yoast_head_json":{"title":"Rezerviraj sobo: Najbolj\u0161a cena | Viva Rooms | Burja Hotels Collection","description":"Viva Rooms se nahaja na zavidljivi lokaciji, le kratek sprehod od znamenitega Pre\u0161ernovega trga, v sredi\u0161\u010du \u017eivahnih mestnih prizorov.","robots":{"index":"index","follow":"follow","max-snippet":"max-snippet:-1","max-image-preview":"max-image-preview:large","max-video-preview":"max-video-preview:-1"},"canonical":"http:\/\/viva.burja.git.sprd.digital\/sl\/rezerviraj-sobo\/","og_locale":"sl_SI","og_type":"article","og_title":"Rezerviraj sobo: Najbolj\u0161a cena | Viva Rooms | Burja Hotels Collection","og_description":"Viva Rooms se nahaja na zavidljivi lokaciji, le kratek sprehod od znamenitega Pre\u0161ernovega trga, v sredi\u0161\u010du \u017eivahnih mestnih prizorov.","og_url":"http:\/\/viva.burja.git.sprd.digital\/sl\/rezerviraj-sobo\/","og_site_name":"Viva Rooms","article_modified_time":"2022-01-03T12:28:23+00:00","og_image":[{"width":2000,"height":1335,"url":"http:\/\/viva.burja.git.sprd.digital\/wp-content\/uploads\/sites\/7\/2021\/12\/VIVA_ROOMS-QUADRUPLE_09.jpg","type":"image\/jpeg"}],"twitter_card":"summary_large_image","schema":{"@context":"https:\/\/schema.org","@graph":[{"@type":"WebPage","@id":"http:\/\/viva.burja.git.sprd.digital\/sl\/rezerviraj-sobo\/","url":"http:\/\/viva.burja.git.sprd.digital\/sl\/rezerviraj-sobo\/","name":"Rezerviraj sobo: Najbolj\u0161a cena | Viva Rooms | Burja Hotels Collection","isPartOf":{"@id":"http:\/\/viva.burja.git.sprd.digital\/#website"},"primaryImageOfPage":{"@id":"http:\/\/viva.burja.git.sprd.digital\/sl\/rezerviraj-sobo\/#primaryimage"},"image":{"@id":"http:\/\/viva.burja.git.sprd.digital\/sl\/rezerviraj-sobo\/#primaryimage"},"thumbnailUrl":"http:\/\/viva.burja.git.sprd.digital\/wp-content\/uploads\/sites\/7\/2021\/12\/VIVA_ROOMS-QUADRUPLE_09.jpg","datePublished":"2021-06-01T12:57:03+00:00","dateModified":"2022-01-03T12:28:23+00:00","description":"Viva Rooms se nahaja na zavidljivi lokaciji, le kratek sprehod od znamenitega Pre\u0161ernovega trga, v sredi\u0161\u010du \u017eivahnih mestnih prizorov.","breadcrumb":{"@id":"http:\/\/viva.burja.git.sprd.digital\/sl\/rezerviraj-sobo\/#breadcrumb"},"inLanguage":"sl-SI","potentialAction":[{"@type":"ReadAction","target":["http:\/\/viva.burja.git.sprd.digital\/sl\/rezerviraj-sobo\/"]}]},{"@type":"ImageObject","inLanguage":"sl-SI","@id":"http:\/\/viva.burja.git.sprd.digital\/sl\/rezerviraj-sobo\/#primaryimage","url":"http:\/\/viva.burja.git.sprd.digital\/wp-content\/uploads\/sites\/7\/2021\/12\/VIVA_ROOMS-QUADRUPLE_09.jpg","contentUrl":"http:\/\/viva.burja.git.sprd.digital\/wp-content\/uploads\/sites\/7\/2021\/12\/VIVA_ROOMS-QUADRUPLE_09.jpg","width":2000,"height":1335},{"@type":"BreadcrumbList","@id":"http:\/\/viva.burja.git.sprd.digital\/sl\/rezerviraj-sobo\/#breadcrumb","itemListElement":[{"@type":"ListItem","position":1,"name":"Home","item":"http:\/\/viva.burja.git.sprd.digital\/sl\/"},{"@type":"ListItem","position":2,"name":"Rezerviraj sobo: Najbolj\u0161a cena"}]},{"@type":"WebSite","@id":"http:\/\/viva.burja.git.sprd.digital\/#website","url":"http:\/\/viva.burja.git.sprd.digital\/","name":"Viva Rooms","description":"Viva Rooms","potentialAction":[{"@type":"SearchAction","target":{"@type":"EntryPoint","urlTemplate":"http:\/\/viva.burja.git.sprd.digital\/?s={search_term_string}"},"query-input":{"@type":"PropertyValueSpecification","valueRequired":true,"valueName":"search_term_string"}}],"inLanguage":"sl-SI"}]}},"_links":{"self":[{"href":"http:\/\/viva.burja.git.sprd.digital\/sl\/wp-json\/wp\/v2\/pages\/3028","targetHints":{"allow":["GET"]}}],"collection":[{"href":"http:\/\/viva.burja.git.sprd.digital\/sl\/wp-json\/wp\/v2\/pages"}],"about":[{"href":"http:\/\/viva.burja.git.sprd.digital\/sl\/wp-json\/wp\/v2\/types\/page"}],"author":[{"embeddable":true,"href":"http:\/\/viva.burja.git.sprd.digital\/sl\/wp-json\/wp\/v2\/users\/1"}],"replies":[{"embeddable":true,"href":"http:\/\/viva.burja.git.sprd.digital\/sl\/wp-json\/wp\/v2\/comments?post=3028"}],"version-history":[{"count":4,"href":"http:\/\/viva.burja.git.sprd.digital\/sl\/wp-json\/wp\/v2\/pages\/3028\/revisions"}],"predecessor-version":[{"id":4376,"href":"http:\/\/viva.burja.git.sprd.digital\/sl\/wp-json\/wp\/v2\/pages\/3028\/revisions\/4376"}],"wp:featuredmedia":[{"embeddable":true,"href":"http:\/\/viva.burja.git.sprd.digital\/sl\/wp-json\/wp\/v2\/media\/3576"}],"wp:attachment":[{"href":"http:\/\/viva.burja.git.sprd.digital\/sl\/wp-json\/wp\/v2\/media?parent=3028"}],"curies":[{"name":"wp","href":"https:\/\/api.w.org\/{rel}","templated":true}]}}